{"id":2,"date":"2025-07-26T21:17:35","date_gmt":"2025-07-26T21:17:35","guid":{"rendered":"https:\/\/creationsdelangegardien.com\/?page_id=2"},"modified":"2025-08-20T20:29:17","modified_gmt":"2025-08-21T01:29:17","slug":"nos-produits","status":"publish","type":"page","link":"https:\/\/creationsdelangegardien.com\/index.php\/nos-produits\/","title":{"rendered":"Nos produits"},"content":{"rendered":"\n<p>Afin de rendre hommage \u00e0 vos proches avec douceur, amour et dignit\u00e9, <strong>Les Cr\u00e9ations de l\u2019Ange Gardien<\/strong> vous proposent une collection raffin\u00e9e de produits infographiques fun\u00e9raires.<\/p>\n\n\n\n<p>Notre catalogue comprend :<\/p>\n\n\n\n<ul class=\"wp-block-list\">\n<li><strong>Signets comm\u00e9moratifs<\/strong> : \u00e9l\u00e9gants et plastifi\u00e9s dans une qualit\u00e9 sup\u00e9rieure, ils mesurent 4,5 cm x 18 cm.<\/li>\n\n\n\n<li><strong>Photos souvenirs<\/strong> : disponibles en format 6 cm x 10 cm, elles peuvent \u00eatre r\u00e9alis\u00e9es \u00e0 partir de tout mod\u00e8le de signet.<\/li>\n\n\n\n<li><strong>Lampions personnalis\u00e9s<\/strong> : pour accompagner vos moments de recueillement d\u2019une lumi\u00e8re douce et symbolique.<\/li>\n\n\n\n<li><strong>Cartes de remerciement<\/strong> : con\u00e7ues pour exprimer votre gratitude avec sensibilit\u00e9 et respect. Chaque signet peut \u00e9galement \u00eatre converti en carte de remerciement, afin d\u2019offrir une continuit\u00e9 harmonieuse dans vos envois.<\/li>\n\n\n\n<li><strong>Toiles artistiques<\/strong> : transformation de vos photos en cr\u00e9ations \u00e0 l\u2019effet peinture, imprim\u00e9es sur canvas pour un souvenir \u00e9l\u00e9gant et intemporel.<\/li>\n\n\n\n<li><strong>Montages vid\u00e9o<\/strong> : assemblage de photos et musique afin de cr\u00e9er un film \u00e9mouvant et unique, rendant hommage \u00e0 la m\u00e9moire de vos proches.<\/li>\n<\/ul>\n\n\n\n<p>Chaque produit peut \u00eatre adapt\u00e9 selon vos besoins : dimensions ajust\u00e9es, choix de mod\u00e8les vari\u00e9s ou encore cr\u00e9ations enti\u00e8rement personnalis\u00e9es \u00e0 partir d\u2019une image que vous nous confiez. Des frais suppl\u00e9mentaires peuvent s&rsquo;appliquer dans le cas de demandes sp\u00e9ciales ou grandeur d&rsquo;impressions non-standard.<\/p>\n\n\n\n<p>Nous avons \u00e0 c\u0153ur de vous offrir des cr\u00e9ations uniques, empreintes de respect et de d\u00e9licatesse, afin que chaque souvenir devienne un t\u00e9moignage lumineux de l\u2019amour partag\u00e9.<\/p>\n\n\n\n<p>Nous vous invitons \u00e0 parcourir notre collection et \u00e0 choisir les cr\u00e9ations qui correspondent le mieux \u00e0 vos besoins. Une fois votre s\u00e9lection effectu\u00e9e, il vous suffit de <a href=\"https:\/\/creationsdelangegardien.com\/index.php\/nous-contacter\/\" data-type=\"page\" data-id=\"32\">nous contacter<\/a> afin que nous puissions r\u00e9aliser vos produits avec soin et d\u00e9licatesse. <\/p>\n\n\n\n\n","protected":false},"excerpt":{"rendered":"<p>Afin de rendre hommage \u00e0 vos proches avec douceur, amour et dignit\u00e9, Les Cr\u00e9ations de l\u2019Ange Gardien vous proposent une collection raffin\u00e9e de produits infographiques fun\u00e9raires. Notre catalogue comprend : Chaque produit peut \u00eatre adapt\u00e9 selon vos besoins : dimensions ajust\u00e9es, choix de mod\u00e8les vari\u00e9s ou encore cr\u00e9ations enti\u00e8rement personnalis\u00e9es \u00e0 partir d\u2019une image que [&hellip;]<\/p>\n","protected":false},"author":1,"featured_media":0,"parent":0,"menu_order":0,"comment_status":"closed","ping_status":"open","template":"","meta":{"saved_in_kubio":true,"footnotes":""},"class_list":["post-2","page","type-page","status-publish","hentry"],"kubio_ai_page_context":{"short_desc":"","purpose":"general"},"jetpack_sharing_enabled":true,"_links":{"self":[{"href":"https:\/\/creationsdelangegardien.com\/index.php\/wp-json\/wp\/v2\/pages\/2","targetHints":{"allow":["GET"]}}],"collection":[{"href":"https:\/\/creationsdelangegardien.com\/index.php\/wp-json\/wp\/v2\/pages"}],"about":[{"href":"https:\/\/creationsdelangegardien.com\/index.php\/wp-json\/wp\/v2\/types\/page"}],"author":[{"embeddable":true,"href":"https:\/\/creationsdelangegardien.com\/index.php\/wp-json\/wp\/v2\/users\/1"}],"replies":[{"embeddable":true,"href":"https:\/\/creationsdelangegardien.com\/index.php\/wp-json\/wp\/v2\/comments?post=2"}],"version-history":[{"count":9,"href":"https:\/\/creationsdelangegardien.com\/index.php\/wp-json\/wp\/v2\/pages\/2\/revisions"}],"predecessor-version":[{"id":112,"href":"https:\/\/creationsdelangegardien.com\/index.php\/wp-json\/wp\/v2\/pages\/2\/revisions\/112"}],"wp:attachment":[{"href":"https:\/\/creationsdelangegardien.com\/index.php\/wp-json\/wp\/v2\/media?parent=2"}],"curies":[{"name":"wp","href":"https:\/\/api.w.org\/{rel}","templated":true}]}}